{"id":89,"date":"2017-04-03T15:01:51","date_gmt":"2017-04-03T13:01:51","guid":{"rendered":"http:\/\/sel-sud-ra.org\/20ans\/?page_id=89"},"modified":"2017-04-03T15:01:51","modified_gmt":"2017-04-03T13:01:51","slug":"chanson-des-20-ans","status":"publish","type":"page","link":"https:\/\/sel-sud-ra.org\/20ans\/chanson-des-20-ans\/","title":{"rendered":"Chanson des 20 ans"},"content":{"rendered":"<p>Chanson des 20 ans des SEL de Die, de Romans et du sud Gr\u00e9sivaudan sur la musique de Zorro est arriv\u00e9 d&rsquo;Henri Salvador :<\/p>\n<p>Le p&rsquo;tit L\u00e9on \u00e9tait tout seul, \u00e7a lui fichait I&rsquo;cafard<br \/>\nComment pourrait-il arr\u00eater d&rsquo;broyer des id\u00e9es noires ?<br \/>\nChacun pour soi, c&rsquo;est la devise de notre soci\u00e9t\u00e9<br \/>\nla solidarit\u00e9 ? des \u00ab CLOUS \u00bb, on est bien trop press\u00e9s I<br \/>\nEt alors ? ben, il restait dans son coin<br \/>\nEt alors ? ben, il avait pas d&rsquo;copains !<br \/>\nEt alors, et alors ???<br \/>\nEh eh le SEL est arriv\u00e9\u00e9\u00e9, sans s&rsquo;presser \u00e9\u00e9\u00e9<br \/>\nCr\u00e9er des liens, c&rsquo;est son m\u00e9tier<br \/>\nPar tous les moyens qui le permettent<br \/>\nPar t\u00e9l\u00e9phone et par internet<br \/>\non se retrouve et on fait la f\u00eate !<\/p>\n<p>Jules et Marie sont amoureux, ils voudraient se marier<br \/>\nSeulement ils n&rsquo;ont pas les moyens d&rsquo;ach&rsquo;ter du mobilier<br \/>\nCe s&rsquo;rait dommage qu&rsquo;une belle histoire soit ainsi contrari\u00e9e<br \/>\nAlors qu&rsquo;il suffirait d&rsquo;un peu de solidarit\u00e9<br \/>\nEt alors ? ben faut les aider<br \/>\nEt alors ? leur parler des <em>\u00ab bl\u00e9s \u00bb<\/em><br \/>\nEt alors ? et alors ?<br \/>\nEh eh,le SEL est arriv\u00e9\u00e9\u00e9, sans s&rsquo;presser \u00e9\u00e9\u00e9<br \/>\nChez des s\u00e9listes, ils ont trouv\u00e9<br \/>\nUne table, des chaises pour vous inviter<br \/>\nUne cuisini\u00e8re pour vous r\u00e9galer<br \/>\nEt un beau lit pour faire des b\u00e9b\u00e9s<\/p>\n<p>La p&rsquo;tite Suzy voudrait partir \u00e0 la mer en vacances<br \/>\nSeul&rsquo;ment, voil\u00e0 plus un \u00ab RADIS \u00bb  ! elle a vraiment pas d&rsquo;chance<br \/>\nElle a beau chercher dans sa t\u00eate, y&rsquo;a pas de solution<br \/>\nPour trouver I&rsquo;argent n\u00e9cessaire pour une location<br \/>\nEt alors ? Ben ses vacances sont fichues<br \/>\nEt alors ? elle est d\u00e9sesp\u00e9r\u00e9e, elle en peut plus I<br \/>\nEt alors, et alors ?<br \/>\nLes SEL est arriv\u00e9\u00e9\u00e9, sans s&rsquo;presser \u00e9\u00e9\u00e9<br \/>\nLa Route des SELS va la sauver<br \/>\nGr\u00e2ce \u00e0 la liste de ses abonn\u00e9s<br \/>\nLa France enti\u00e8re est \u00e0 sa port\u00e9e<br \/>\nElle n&rsquo;a plus qu&rsquo;sa valise \u00e0 boucler<\/p>\n<p>]e suis seul dans mon coin mais je voudrais bien partager<br \/>\nEt rencontrer des gens des beaux, des laids, jeunes ou \u00e2g\u00e9s<br \/>\nQuand on peut \u00e9changer, parler, \u00e9couter, \u00e7a soulage<br \/>\nEt les barri\u00e8res s&rsquo;\u00e9croulent gr\u00e2ce \u00e0 ce merveilleux brassage<br \/>\nEt alors ? ben je m&rsquo;\u00e9crie<br \/>\nEt alors ? ben je m&rsquo;extasie<br \/>\nEt alors ? et alors ?<br \/>\nLe SEL est arriv\u00e9\u00e9\u00e9, pour s&rsquo;rencontrer \u00e9\u00e9\u00e9<br \/>\nFaire connaissance, ah ! quelle chance<br \/>\nEt voir plus loin qu&rsquo;le bout de son nez<br \/>\nImproviser et imaginer<br \/>\nDes sorties et des activit\u00e9s<\/p>\n<p>M\u00e9m\u00e9 Fernande est fatigu\u00e9e, peut plus faire son m\u00e9nage<br \/>\nEt elle aimerait bien trouver quelqu&rsquo;un qui la soulage<br \/>\nA trier ses \u00ab CERNEAUX \u00bb ranger son bois, faire son jardin<br \/>\nEt parfois I&#8217;emmener chez son m\u00e9decin<br \/>\nEt alors ? ben, elle ose pas demander<br \/>\nEt alors ? elle a honte, par timidit\u00e9<br \/>\nEt alors ? et alors ?<br \/>\nEh eh, le sel est arriv\u00e9\u00e9\u00e9 , pour I&rsquo;aider \u00e9\u00e9<br \/>\nEt a la fin, elle a r&rsquo;trouv\u00e9<br \/>\nToutes ses b\u00fbches bien align\u00e9es<br \/>\nSes plates-bandes bien d\u00e9sherb\u00e9es<br \/>\nEt le soir, on a fait la Mond\u00e9e<\/p>\n<p>La p&rsquo;tite zo\u00e9 voudrait tellement apprendre \u00e0 tricoter<br \/>\nEt son copain D\u00e9d\u00e9 voudrait savoir bien bricoler<br \/>\nQuant \u00e0 Louison, son r\u00eave serait de manier des pinceaux<br \/>\nPendant que son vieux pote Marcel se mettrait aux fourneaux<br \/>\nEt alors ? ben, essayer tout seul, on n&rsquo;y arrive pas<br \/>\nEt alors ? payer une adh\u00e9sion en club, on peut pas !<br \/>\nEt alors ? et alors ?<br \/>\nEh eh le SEL est arriv\u00e9\u00e9\u00e9, sans s&rsquo;presser \u00e9\u00e9<br \/>\nEn proposant des ateliers<br \/>\nPour vivre sa cr\u00e9ativit\u00e9<br \/>\nPour partager ses go\u00fbts, ses id\u00e9es<br \/>\nEt cr\u00e9\u00e9er de nouvelles amiti\u00e9s !<\/p>\n","protected":false},"excerpt":{"rendered":"<p>Chanson des 20 ans des SEL de Die, de Romans et du sud Gr\u00e9sivaudan sur la musique de Zorro est arriv\u00e9 d&rsquo;Henri Salvador : Le p&rsquo;tit L\u00e9on \u00e9tait tout seul, \u00e7a lui fichait I&rsquo;cafard Comment pourrait-il arr\u00eater d&rsquo;broyer des id\u00e9es noires ? Chacun pour soi, c&rsquo;est la devise de notre soci\u00e9t\u00e9 la solidarit\u00e9 ? des &hellip; <a href=\"https:\/\/sel-sud-ra.org\/20ans\/chanson-des-20-ans\/\" class=\"more-link\">Continuer la lecture de <span class=\"screen-reader-text\">Chanson des 20 ans<\/span><\/a><\/p>\n","protected":false},"author":1,"featured_media":0,"parent":0,"menu_order":0,"comment_status":"closed","ping_status":"closed","template":"","meta":{"footnotes":""},"class_list":["post-89","page","type-page","status-publish","hentry"],"_links":{"self":[{"href":"https:\/\/sel-sud-ra.org\/20ans\/wp-json\/wp\/v2\/pages\/89","targetHints":{"allow":["GET"]}}],"collection":[{"href":"https:\/\/sel-sud-ra.org\/20ans\/wp-json\/wp\/v2\/pages"}],"about":[{"href":"https:\/\/sel-sud-ra.org\/20ans\/wp-json\/wp\/v2\/types\/page"}],"author":[{"embeddable":true,"href":"https:\/\/sel-sud-ra.org\/20ans\/wp-json\/wp\/v2\/users\/1"}],"replies":[{"embeddable":true,"href":"https:\/\/sel-sud-ra.org\/20ans\/wp-json\/wp\/v2\/comments?post=89"}],"version-history":[{"count":1,"href":"https:\/\/sel-sud-ra.org\/20ans\/wp-json\/wp\/v2\/pages\/89\/revisions"}],"predecessor-version":[{"id":90,"href":"https:\/\/sel-sud-ra.org\/20ans\/wp-json\/wp\/v2\/pages\/89\/revisions\/90"}],"wp:attachment":[{"href":"https:\/\/sel-sud-ra.org\/20ans\/wp-json\/wp\/v2\/media?parent=89"}],"curies":[{"name":"wp","href":"https:\/\/api.w.org\/{rel}","templated":true}]}}