{"id":56,"date":"2017-04-03T12:30:07","date_gmt":"2017-04-03T10:30:07","guid":{"rendered":"http:\/\/sel-sud-ra.org\/20ans\/?page_id=56"},"modified":"2017-04-03T19:43:10","modified_gmt":"2017-04-03T17:43:10","slug":"presentation-des-sel-de-romans-die-et-st-marcellin","status":"publish","type":"page","link":"https:\/\/sel-sud-ra.org\/20ans\/presentation-des-sel-de-romans-die-et-st-marcellin\/","title":{"rendered":"Pr\u00e9sentation des SEL de Romans, Die et St Marcellin"},"content":{"rendered":"<p><em>&gt;&gt;&gt; Textes lus par Marie Claude, Mireille et Pierrette sur l&rsquo;origine de leurs SEL<\/em><\/p>\n<p><a href=\"http:\/\/sel-sud-ra.org\/20ans\/presentation-du-sel-de-die\/\">Die<\/a><\/p>\n<p><a href=\"http:\/\/sel-sud-ra.org\/20ans\/presentation-du-sel-des-deux-rives\/\">Romans<\/a><\/p>\n<p><a href=\"http:\/\/sel-sud-ra.org\/20ans\/presentation-du-sel-du-sud-gresivaudan\/\">St Marcellin<\/a><\/p>\n<p>&nbsp;<\/p>\n<p><em>&gt;&gt;&gt; Texte de Romain qui est \u00e0 l&rsquo;origine du SEL de Romans qui a quitt\u00e9 la r\u00e9gion de Romans et ne pouvait se lib\u00e9rer<\/em><\/p>\n<p><a href=\"http:\/\/sel-sud-ra.org\/20ans\/romain-retour-sur-la-creation-du-sel-du-pays-de-romans\/\">Romans, retour sur la cr\u00e9ation du SEL de Romans<\/a><\/p>\n","protected":false},"excerpt":{"rendered":"<p>&gt;&gt;&gt; Textes lus par Marie Claude, Mireille et Pierrette sur l&rsquo;origine de leurs SEL Die Romans St Marcellin &nbsp; &gt;&gt;&gt; Texte de Romain qui est \u00e0 l&rsquo;origine du SEL de Romans qui a quitt\u00e9 la r\u00e9gion de Romans et ne pouvait se lib\u00e9rer Romans, retour sur la cr\u00e9ation du SEL de Romans<\/p>\n","protected":false},"author":1,"featured_media":0,"parent":0,"menu_order":0,"comment_status":"closed","ping_status":"closed","template":"","meta":{"footnotes":""},"class_list":["post-56","page","type-page","status-publish","hentry"],"_links":{"self":[{"href":"https:\/\/sel-sud-ra.org\/20ans\/wp-json\/wp\/v2\/pages\/56","targetHints":{"allow":["GET"]}}],"collection":[{"href":"https:\/\/sel-sud-ra.org\/20ans\/wp-json\/wp\/v2\/pages"}],"about":[{"href":"https:\/\/sel-sud-ra.org\/20ans\/wp-json\/wp\/v2\/types\/page"}],"author":[{"embeddable":true,"href":"https:\/\/sel-sud-ra.org\/20ans\/wp-json\/wp\/v2\/users\/1"}],"replies":[{"embeddable":true,"href":"https:\/\/sel-sud-ra.org\/20ans\/wp-json\/wp\/v2\/comments?post=56"}],"version-history":[{"count":5,"href":"https:\/\/sel-sud-ra.org\/20ans\/wp-json\/wp\/v2\/pages\/56\/revisions"}],"predecessor-version":[{"id":174,"href":"https:\/\/sel-sud-ra.org\/20ans\/wp-json\/wp\/v2\/pages\/56\/revisions\/174"}],"wp:attachment":[{"href":"https:\/\/sel-sud-ra.org\/20ans\/wp-json\/wp\/v2\/media?parent=56"}],"curies":[{"name":"wp","href":"https:\/\/api.w.org\/{rel}","templated":true}]}}