{"id":46,"date":"2017-04-03T12:08:53","date_gmt":"2017-04-03T10:08:53","guid":{"rendered":"http:\/\/sel-sud-ra.org\/20ans\/?page_id=46"},"modified":"2017-04-03T12:10:43","modified_gmt":"2017-04-03T10:10:43","slug":"non-a-la-taxe-sur-les-sel","status":"publish","type":"page","link":"https:\/\/sel-sud-ra.org\/20ans\/non-a-la-taxe-sur-les-sel\/","title":{"rendered":"NON A LA TAXE SUR LES SEL !"},"content":{"rendered":"<p>Mrs les S\u00e9nateurs :<\/p>\n<p>Les SEL de France vous demandent de vous opposer \u00e0 la proposition de loi d\u00e9pos\u00e9e au S\u00e9nat le 9 mars 2017 par Mr Robert del Picchia.<\/p>\n<p>Le SEL, par sa r\u00e9flexion et ses pratiques, participe \u00e0 la transition vers une soci\u00e9t\u00e9 plus juste, respectueuse des \u00eatres humains et de l&rsquo;environnement. Faire partie d&rsquo;un Sel permet ainsi de sortir de l&rsquo;isolement, de b\u00e9n\u00e9ficier d&rsquo;un r\u00e9seau d&rsquo;entraide et de prendre conscience de ce que l&rsquo;on a \u00e0 offrir \u00e0 d&rsquo;autres personnes.<br \/>\nNos activit\u00e9s sont fond\u00e9es sur un principe de solidarit\u00e9 et d&rsquo;utilit\u00e9 sociale et r\u00e9pondent aux besoins sociaux qui sont cruellement ignor\u00e9s dans notre soci\u00e9t\u00e9 \u00ab moderne \u00bb !<br \/>\n\u00ab le lien est plus important que le bien \u00bb<\/p>\n<p><a href=\"http:\/\/sel-sud-ra.org\/20ans\/wp-content\/uploads\/2017\/04\/taxe-sur-les-SEL.pdf\">Texte de loi : taxe sur les SEL<\/a><\/p>\n","protected":false},"excerpt":{"rendered":"<p>Mrs les S\u00e9nateurs : Les SEL de France vous demandent de vous opposer \u00e0 la proposition de loi d\u00e9pos\u00e9e au S\u00e9nat le 9 mars 2017 par Mr Robert del Picchia. Le SEL, par sa r\u00e9flexion et ses pratiques, participe \u00e0 la transition vers une soci\u00e9t\u00e9 plus juste, respectueuse des \u00eatres humains et de l&rsquo;environnement. Faire &hellip; <a href=\"https:\/\/sel-sud-ra.org\/20ans\/non-a-la-taxe-sur-les-sel\/\" class=\"more-link\">Continuer la lecture de <span class=\"screen-reader-text\">NON A LA TAXE SUR LES SEL !<\/span><\/a><\/p>\n","protected":false},"author":1,"featured_media":0,"parent":0,"menu_order":0,"comment_status":"closed","ping_status":"closed","template":"","meta":{"footnotes":""},"class_list":["post-46","page","type-page","status-publish","hentry"],"_links":{"self":[{"href":"https:\/\/sel-sud-ra.org\/20ans\/wp-json\/wp\/v2\/pages\/46","targetHints":{"allow":["GET"]}}],"collection":[{"href":"https:\/\/sel-sud-ra.org\/20ans\/wp-json\/wp\/v2\/pages"}],"about":[{"href":"https:\/\/sel-sud-ra.org\/20ans\/wp-json\/wp\/v2\/types\/page"}],"author":[{"embeddable":true,"href":"https:\/\/sel-sud-ra.org\/20ans\/wp-json\/wp\/v2\/users\/1"}],"replies":[{"embeddable":true,"href":"https:\/\/sel-sud-ra.org\/20ans\/wp-json\/wp\/v2\/comments?post=46"}],"version-history":[{"count":2,"href":"https:\/\/sel-sud-ra.org\/20ans\/wp-json\/wp\/v2\/pages\/46\/revisions"}],"predecessor-version":[{"id":49,"href":"https:\/\/sel-sud-ra.org\/20ans\/wp-json\/wp\/v2\/pages\/46\/revisions\/49"}],"wp:attachment":[{"href":"https:\/\/sel-sud-ra.org\/20ans\/wp-json\/wp\/v2\/media?parent=46"}],"curies":[{"name":"wp","href":"https:\/\/api.w.org\/{rel}","templated":true}]}}