{"id":42,"date":"2017-04-03T12:06:47","date_gmt":"2017-04-03T10:06:47","guid":{"rendered":"http:\/\/sel-sud-ra.org\/20ans\/?page_id=42"},"modified":"2017-04-06T12:22:30","modified_gmt":"2017-04-06T10:22:30","slug":"paroles-salees-acrostiche","status":"publish","type":"page","link":"https:\/\/sel-sud-ra.org\/20ans\/paroles-salees-acrostiche\/","title":{"rendered":"\u00ab Paroles sal\u00e9es\u2026 acrostiche \u00bb"},"content":{"rendered":"<p>Souhaits, souhaits\u2026<br \/>\nY\u2019en a \u00e0 la pelle<br \/>\nS\u00e9li s\u00e9lo c\u2019est selon<br \/>\nTu peux, je peux, nous pouvons<br \/>\nEntre nous, entre le monde<br \/>\nM\u00e9li m\u00e9lo m\u00e9lons nos r\u00eaves<br \/>\nEntr\u2018aidons nous sans tarder<\/p>\n<p>D\u2019embl\u00e9e partageons le meilleur de nous-m\u00eames<br \/>\nEchanges<br \/>\nComp\u00e9tences et services en tout<br \/>\nHumanisme. Faire la part de l\u2019<br \/>\nAmiti\u00e9<br \/>\nNe pas avoir pour, laisser triompher la<br \/>\nG\u00e9n\u00e9rosit\u00e9<br \/>\nEt le p\u00e9tillant des regards d\u2019enfants de tous les \u00e2ges<\/p>\n<p>Laissons l\u2019argent de c\u00f4t\u00e9<br \/>\nOrganisons-nous autrement<br \/>\nConnivences et prise de conscience<br \/>\nA dans 10 ans et m\u00eame avant\u2026<br \/>\nLibert\u00e9 aux Lucioles de Lumi\u00e8re\u2026<\/p>\n<p>Christiane, Lise et Christine avec des mots de l\u2019Arbre \u00e0 Souhaits<\/p>\n","protected":false},"excerpt":{"rendered":"<p>Souhaits, souhaits\u2026 Y\u2019en a \u00e0 la pelle S\u00e9li s\u00e9lo c\u2019est selon Tu peux, je peux, nous pouvons Entre nous, entre le monde M\u00e9li m\u00e9lo m\u00e9lons nos r\u00eaves Entr\u2018aidons nous sans tarder D\u2019embl\u00e9e partageons le meilleur de nous-m\u00eames Echanges Comp\u00e9tences et services en tout Humanisme. Faire la part de l\u2019 Amiti\u00e9 Ne pas avoir pour, laisser &hellip; <a href=\"https:\/\/sel-sud-ra.org\/20ans\/paroles-salees-acrostiche\/\" class=\"more-link\">Continuer la lecture de <span class=\"screen-reader-text\">\u00ab Paroles sal\u00e9es\u2026 acrostiche \u00bb<\/span><\/a><\/p>\n","protected":false},"author":1,"featured_media":0,"parent":0,"menu_order":0,"comment_status":"closed","ping_status":"closed","template":"","meta":{"footnotes":""},"class_list":["post-42","page","type-page","status-publish","hentry"],"_links":{"self":[{"href":"https:\/\/sel-sud-ra.org\/20ans\/wp-json\/wp\/v2\/pages\/42","targetHints":{"allow":["GET"]}}],"collection":[{"href":"https:\/\/sel-sud-ra.org\/20ans\/wp-json\/wp\/v2\/pages"}],"about":[{"href":"https:\/\/sel-sud-ra.org\/20ans\/wp-json\/wp\/v2\/types\/page"}],"author":[{"embeddable":true,"href":"https:\/\/sel-sud-ra.org\/20ans\/wp-json\/wp\/v2\/users\/1"}],"replies":[{"embeddable":true,"href":"https:\/\/sel-sud-ra.org\/20ans\/wp-json\/wp\/v2\/comments?post=42"}],"version-history":[{"count":3,"href":"https:\/\/sel-sud-ra.org\/20ans\/wp-json\/wp\/v2\/pages\/42\/revisions"}],"predecessor-version":[{"id":361,"href":"https:\/\/sel-sud-ra.org\/20ans\/wp-json\/wp\/v2\/pages\/42\/revisions\/361"}],"wp:attachment":[{"href":"https:\/\/sel-sud-ra.org\/20ans\/wp-json\/wp\/v2\/media?parent=42"}],"curies":[{"name":"wp","href":"https:\/\/api.w.org\/{rel}","templated":true}]}}