{"id":40,"date":"2017-04-03T12:05:52","date_gmt":"2017-04-03T10:05:52","guid":{"rendered":"http:\/\/sel-sud-ra.org\/20ans\/?page_id=40"},"modified":"2017-04-03T18:31:08","modified_gmt":"2017-04-03T16:31:08","slug":"discours-douverture","status":"publish","type":"page","link":"https:\/\/sel-sud-ra.org\/20ans\/discours-douverture\/","title":{"rendered":"Discours d&rsquo;ouverture"},"content":{"rendered":"<p>Bonjour \u00e0 tous et bienvenue,<\/p>\n<p>Je suis Mireille, charg\u00e9e des relations interSEL au SEL des deux rives (Romans) et voici Pierrette membre du CA du SEL du sud Gresivaudan (St Marcellin) et Marie Claude qui \u00e9tait pr\u00e9sidente du Radisel jusqu\u2019\u00e0 la derni\u00e8re AG. <img loading=\"lazy\" decoding=\"async\" class=\"size-medium wp-image-140 alignright\" src=\"http:\/\/sel-sud-ra.org\/20ans\/wp-content\/uploads\/2017\/04\/20170401_200403-300x180.jpg\" alt=\"\"  style=\"border-width:1px;border-style:outset; border-color:#5F140D;\" width=\"300\" height=\"180\" srcset=\"https:\/\/sel-sud-ra.org\/20ans\/wp-content\/uploads\/2017\/04\/20170401_200403-300x180.jpg 300w, https:\/\/sel-sud-ra.org\/20ans\/wp-content\/uploads\/2017\/04\/20170401_200403-768x461.jpg 768w, https:\/\/sel-sud-ra.org\/20ans\/wp-content\/uploads\/2017\/04\/20170401_200403-1024x615.jpg 1024w, https:\/\/sel-sud-ra.org\/20ans\/wp-content\/uploads\/2017\/04\/20170401_200403.jpg 2048w\" sizes=\"auto, (max-width: 300px) 100vw, 300px\" \/><\/p>\n<p>Nous sommes heureuses de vous accueillir \u00e0 Granges les Beaumont pour cet interSEL sud Rh\u00f4ne-Alpes 2017 et surtout pour cette soir\u00e9e d\u2019anniversaire. En effet comme vous le savez nous f\u00eatons ce soir les 20 ans de nos trois SEL. Nous aurons demain vers midi, l\u2019occasion d\u2019\u00e9voquer leur historique.<\/p>\n<p>Avant de commencer cette soir\u00e9e nous tenons \u00e0 remercier toute l\u2019\u00e9quipe d\u2019organisation compos\u00e9e des membres des trois SEL qui a \u0153uvr\u00e9 afin que ces deux jours soient une r\u00e9ussite. Merci de les applaudir.<\/p>\n<p>Nous souhaitons \u00e9galement la bienvenue aux personnes qui ne connaissent pas le SEL qui sont venues avec des amis et aussi les com\u00e9diens d\u2019Acte d\u2019eux qui monteront sur sc\u00e8ne tout \u00e0 l\u2019heure et qui sont venus gracieusement \u00e0 la demande Andr\u00e9 pour nous faire passer un bon moment.<\/p>\n<p>La soir\u00e9e sera anim\u00e9e par Alexandre, il aura la lourde charge de r\u00e9guler les d\u00e9placement vers le buffet entre chaque animation sur sc\u00e8ne\u2026 mais vous pr\u00e9senter nos artistes et de vous faire passer une bonne soir\u00e9e.<\/p>\n<p>Ce repas cabaret s\u2019ach\u00e8vera avec la d\u00e9gustation du g\u00e2teau d\u2019anniversaire qui a \u00e9t\u00e9 pens\u00e9 et r\u00e9alis\u00e9 par les b\u00e9n\u00e9voles (attention nous vous r\u00e9servons une surprise au moment du g\u00e2teau). Mais la soir\u00e9e s\u2019ach\u00e8vera pas l\u00e0 car nous poursuivront par une soir\u00e9e danse qui nous m\u00e8nera jusqu\u2019au bout de la nuit.<\/p>\n<p>Avant qu\u2019on ne laisse la main \u00e0 Alexandre nous attirons votre attention sur l\u2019arbre \u00e0 souhait affich\u00e9 sur l\u2019espace accueil : Cet arbre \u00e0 souhait attend vos v\u0153ux d\u2019anniversaire \u00e0 destination d\u2019un SEL en particulier, des SEL en g\u00e9n\u00e9ral, sur la solidarit\u00e9 des SEL, leur devenir, tout ce que vous esp\u00e9rez pour le mouvement des SEL\u2026 vous pouvez d\u00e9poser vos v\u0153ux jusqu\u2019\u00e0 demain 13h. Apr\u00e8s cela ils seront collect\u00e9s par l\u2019atelier d\u2019\u00e9criture qui est charg\u00e9 d\u2019en faire un texte\u00a0 qui cl\u00f4turera notre interSEL demain entre 16 et 17h.<\/p>\n<p>Et pour que cette soir\u00e9e soit encore plus inoubliable si vous avez un appareil photo ou un portable pensez \u00e0 faire de \u00a0nombreuses photos et de nous les faire parvenir afin que nous en fassions un album souvenir qu\u2019on communiquera \u00e0 tout le monde.<\/p>\n<p>Bonne soir\u00e9e \u00e0 tous\u00a0!<\/p>\n","protected":false},"excerpt":{"rendered":"<p>Bonjour \u00e0 tous et bienvenue, Je suis Mireille, charg\u00e9e des relations interSEL au SEL des deux rives (Romans) et voici Pierrette membre du CA du SEL du sud Gresivaudan (St Marcellin) et Marie Claude qui \u00e9tait pr\u00e9sidente du Radisel jusqu\u2019\u00e0 la derni\u00e8re AG. Nous sommes heureuses de vous accueillir \u00e0 Granges les Beaumont pour cet &hellip; <a href=\"https:\/\/sel-sud-ra.org\/20ans\/discours-douverture\/\" class=\"more-link\">Continuer la lecture de <span class=\"screen-reader-text\">Discours d&rsquo;ouverture<\/span><\/a><\/p>\n","protected":false},"author":1,"featured_media":0,"parent":0,"menu_order":0,"comment_status":"closed","ping_status":"closed","template":"","meta":{"footnotes":""},"class_list":["post-40","page","type-page","status-publish","hentry"],"_links":{"self":[{"href":"https:\/\/sel-sud-ra.org\/20ans\/wp-json\/wp\/v2\/pages\/40","targetHints":{"allow":["GET"]}}],"collection":[{"href":"https:\/\/sel-sud-ra.org\/20ans\/wp-json\/wp\/v2\/pages"}],"about":[{"href":"https:\/\/sel-sud-ra.org\/20ans\/wp-json\/wp\/v2\/types\/page"}],"author":[{"embeddable":true,"href":"https:\/\/sel-sud-ra.org\/20ans\/wp-json\/wp\/v2\/users\/1"}],"replies":[{"embeddable":true,"href":"https:\/\/sel-sud-ra.org\/20ans\/wp-json\/wp\/v2\/comments?post=40"}],"version-history":[{"count":5,"href":"https:\/\/sel-sud-ra.org\/20ans\/wp-json\/wp\/v2\/pages\/40\/revisions"}],"predecessor-version":[{"id":143,"href":"https:\/\/sel-sud-ra.org\/20ans\/wp-json\/wp\/v2\/pages\/40\/revisions\/143"}],"wp:attachment":[{"href":"https:\/\/sel-sud-ra.org\/20ans\/wp-json\/wp\/v2\/media?parent=40"}],"curies":[{"name":"wp","href":"https:\/\/api.w.org\/{rel}","templated":true}]}}